{"id":38,"date":"2019-09-10T15:17:49","date_gmt":"2019-09-10T15:17:49","guid":{"rendered":"https:\/\/www.phswest.com\/?page_id=38"},"modified":"2025-01-23T23:42:31","modified_gmt":"2025-01-23T23:42:31","slug":"healthcare","status":"publish","type":"page","link":"https:\/\/www.phswest.com\/es\/healthcare\/","title":{"rendered":"Atenci\u00f3n m\u00e9dica"},"content":{"rendered":"","protected":false},"excerpt":{"rendered":"","protected":false},"author":7,"featured_media":0,"parent":0,"menu_order":0,"comment_status":"closed","ping_status":"closed","template":"templates\/page-builder.php","meta":{"footnotes":""},"class_list":["post-38","page","type-page","status-publish","hentry"],"acf":[],"yoast_head":"<!-- This site is optimized with the Yoast SEO plugin v19.10 - https:\/\/yoast.com\/wordpress\/plugins\/seo\/ -->\n<title>Medical Carts - Endoscopy, Dialysis &amp; Supply Distribution | PHS West<\/title>\n<meta name=\"description\" content=\"Increase efficiency of your hospital or healthcare facility staff or space with medical carts for supply, transport &amp; storage. Manufactured in the USA.\" \/>\n<meta name=\"robots\" content=\"index, follow, max-snippet:-1, max-image-preview:large, max-video-preview:-1\" \/>\n<link rel=\"canonical\" href=\"https:\/\/www.phswest.com\/es\/healthcare\/\" \/>\n<meta property=\"og:locale\" content=\"es_MX\" \/>\n<meta property=\"og:type\" content=\"article\" \/>\n<meta property=\"og:title\" content=\"Medical Carts - Endoscopy, Dialysis &amp; Supply Distribution | PHS West\" \/>\n<meta property=\"og:description\" content=\"Increase efficiency of your hospital or healthcare facility staff or space with medical carts for supply, transport &amp; storage. Manufactured in the USA.\" \/>\n<meta property=\"og:url\" content=\"https:\/\/www.phswest.com\/es\/healthcare\/\" \/>\n<meta property=\"og:site_name\" content=\"PHS West\" \/>\n<meta property=\"article:modified_time\" content=\"2025-01-23T23:42:31+00:00\" \/>\n<meta name=\"twitter:card\" content=\"summary_large_image\" \/>\n<script type=\"application\/ld+json\" class=\"yoast-schema-graph\">{\"@context\":\"https:\/\/schema.org\",\"@graph\":[{\"@type\":\"WebPage\",\"@id\":\"https:\/\/www.phswest.com\/healthcare\/\",\"url\":\"https:\/\/www.phswest.com\/healthcare\/\",\"name\":\"Medical Carts - Endoscopy, Dialysis & Supply Distribution | PHS West\",\"isPartOf\":{\"@id\":\"https:\/\/www.phswest.com\/#website\"},\"datePublished\":\"2019-09-10T15:17:49+00:00\",\"dateModified\":\"2025-01-23T23:42:31+00:00\",\"description\":\"Increase efficiency of your hospital or healthcare facility staff or space with medical carts for supply, transport & storage. Manufactured in the USA.\",\"breadcrumb\":{\"@id\":\"https:\/\/www.phswest.com\/healthcare\/#breadcrumb\"},\"inLanguage\":\"es-MX\",\"potentialAction\":[{\"@type\":\"ReadAction\",\"target\":[\"https:\/\/www.phswest.com\/healthcare\/\"]}]},{\"@type\":\"BreadcrumbList\",\"@id\":\"https:\/\/www.phswest.com\/healthcare\/#breadcrumb\",\"itemListElement\":[{\"@type\":\"ListItem\",\"position\":1,\"name\":\"Home\",\"item\":\"https:\/\/www.phswest.com\/\"},{\"@type\":\"ListItem\",\"position\":2,\"name\":\"Healthcare\"}]},{\"@type\":\"WebSite\",\"@id\":\"https:\/\/www.phswest.com\/#website\",\"url\":\"https:\/\/www.phswest.com\/\",\"name\":\"PHS West\",\"description\":\"Custom Motorized Carts &amp; Tugs\",\"potentialAction\":[{\"@type\":\"SearchAction\",\"target\":{\"@type\":\"EntryPoint\",\"urlTemplate\":\"https:\/\/www.phswest.com\/?s={search_term_string}\"},\"query-input\":\"required name=search_term_string\"}],\"inLanguage\":\"es-MX\"}]}<\/script>\n<!-- \/ Yoast SEO plugin. -->","yoast_head_json":{"title":"Carros m\u00e9dicos: endoscopia, di\u00e1lisis y distribuci\u00f3n de suministros | PHS West","description":"Aumente la eficiencia del personal o el espacio de su hospital o centro de salud con carros m\u00e9dicos para el suministro, el transporte y el almacenamiento. Fabricados en EE. UU.","robots":{"index":"index","follow":"follow","max-snippet":"max-snippet:-1","max-image-preview":"max-image-preview:large","max-video-preview":"max-video-preview:-1"},"canonical":"https:\/\/www.phswest.com\/es\/healthcare\/","og_locale":"es_MX","og_type":"article","og_title":"Medical Carts - Endoscopy, Dialysis & Supply Distribution | PHS West","og_description":"Increase efficiency of your hospital or healthcare facility staff or space with medical carts for supply, transport & storage. Manufactured in the USA.","og_url":"https:\/\/www.phswest.com\/es\/healthcare\/","og_site_name":"PHS West","article_modified_time":"2025-01-23T23:42:31+00:00","twitter_card":"summary_large_image","schema":{"@context":"https:\/\/schema.org","@graph":[{"@type":"WebPage","@id":"https:\/\/www.phswest.com\/healthcare\/","url":"https:\/\/www.phswest.com\/healthcare\/","name":"Carros m\u00e9dicos: endoscopia, di\u00e1lisis y distribuci\u00f3n de suministros | PHS West","isPartOf":{"@id":"https:\/\/www.phswest.com\/#website"},"datePublished":"2019-09-10T15:17:49+00:00","dateModified":"2025-01-23T23:42:31+00:00","description":"Aumente la eficiencia del personal o el espacio de su hospital o centro de salud con carros m\u00e9dicos para el suministro, el transporte y el almacenamiento. Fabricados en EE. UU.","breadcrumb":{"@id":"https:\/\/www.phswest.com\/healthcare\/#breadcrumb"},"inLanguage":"es-MX","potentialAction":[{"@type":"ReadAction","target":["https:\/\/www.phswest.com\/healthcare\/"]}]},{"@type":"BreadcrumbList","@id":"https:\/\/www.phswest.com\/healthcare\/#breadcrumb","itemListElement":[{"@type":"ListItem","position":1,"name":"Home","item":"https:\/\/www.phswest.com\/"},{"@type":"ListItem","position":2,"name":"Healthcare"}]},{"@type":"WebSite","@id":"https:\/\/www.phswest.com\/#website","url":"https:\/\/www.phswest.com\/","name":"PHS Oeste","description":"Carros y remolcadores motorizados personalizados","potentialAction":[{"@type":"SearchAction","target":{"@type":"EntryPoint","urlTemplate":"https:\/\/www.phswest.com\/?s={search_term_string}"},"query-input":"required name=search_term_string"}],"inLanguage":"es-MX"}]}},"_links":{"self":[{"href":"https:\/\/www.phswest.com\/es\/wp-json\/wp\/v2\/pages\/38"}],"collection":[{"href":"https:\/\/www.phswest.com\/es\/wp-json\/wp\/v2\/pages"}],"about":[{"href":"https:\/\/www.phswest.com\/es\/wp-json\/wp\/v2\/types\/page"}],"author":[{"embeddable":true,"href":"https:\/\/www.phswest.com\/es\/wp-json\/wp\/v2\/users\/7"}],"replies":[{"embeddable":true,"href":"https:\/\/www.phswest.com\/es\/wp-json\/wp\/v2\/comments?post=38"}],"version-history":[{"count":69,"href":"https:\/\/www.phswest.com\/es\/wp-json\/wp\/v2\/pages\/38\/revisions"}],"predecessor-version":[{"id":4708,"href":"https:\/\/www.phswest.com\/es\/wp-json\/wp\/v2\/pages\/38\/revisions\/4708"}],"wp:attachment":[{"href":"https:\/\/www.phswest.com\/es\/wp-json\/wp\/v2\/media?parent=38"}],"curies":[{"name":"wp","href":"https:\/\/api.w.org\/{rel}","templated":true}]}}